{"id":10,"date":"2026-02-18T16:51:35","date_gmt":"2026-02-18T16:51:35","guid":{"rendered":"https:\/\/skdesign-dev.com\/index.php\/onboarding-ok\/"},"modified":"2026-02-18T16:51:35","modified_gmt":"2026-02-18T16:51:35","slug":"onboarding-ok","status":"publish","type":"page","link":"https:\/\/skdesign-dev.com\/index.php\/onboarding-ok\/","title":{"rendered":"Onboarding OK"},"content":{"rendered":"<p>\u2705 L\u2019onboarding Stripe a bien \u00e9t\u00e9 termin\u00e9.<\/p>\n<p>Tu peux fermer cette page.<\/p>\n","protected":false},"excerpt":{"rendered":"<p>\u2705 L\u2019onboarding Stripe a bien \u00e9t\u00e9 termin\u00e9. Tu peux fermer cette page.<\/p>\n","protected":false},"author":1,"featured_media":0,"parent":0,"menu_order":0,"comment_status":"closed","ping_status":"closed","template":"","meta":{"footnotes":""},"class_list":["post-10","page","type-page","status-publish","hentry"],"_links":{"self":[{"href":"https:\/\/skdesign-dev.com\/index.php\/wp-json\/wp\/v2\/pages\/10","targetHints":{"allow":["GET"]}}],"collection":[{"href":"https:\/\/skdesign-dev.com\/index.php\/wp-json\/wp\/v2\/pages"}],"about":[{"href":"https:\/\/skdesign-dev.com\/index.php\/wp-json\/wp\/v2\/types\/page"}],"author":[{"embeddable":true,"href":"https:\/\/skdesign-dev.com\/index.php\/wp-json\/wp\/v2\/users\/1"}],"replies":[{"embeddable":true,"href":"https:\/\/skdesign-dev.com\/index.php\/wp-json\/wp\/v2\/comments?post=10"}],"version-history":[{"count":0,"href":"https:\/\/skdesign-dev.com\/index.php\/wp-json\/wp\/v2\/pages\/10\/revisions"}],"wp:attachment":[{"href":"https:\/\/skdesign-dev.com\/index.php\/wp-json\/wp\/v2\/media?parent=10"}],"curies":[{"name":"wp","href":"https:\/\/api.w.org\/{rel}","templated":true}]}}